{"id":1689,"date":"2021-07-10T18:02:28","date_gmt":"2021-07-10T17:02:28","guid":{"rendered":"https:\/\/boardinghouse-henschelstrasse.de\/?page_id=1689"},"modified":"2022-02-24T13:09:20","modified_gmt":"2022-02-24T12:09:20","slug":"anfahrt-und-lage","status":"publish","type":"page","link":"https:\/\/boardinghouse-henschelstrasse.de\/index.php\/anfahrt-und-lage\/","title":{"rendered":"Anfahrt und Lage"},"content":{"rendered":"<div class=\"fusion-fullwidth fullwidth-box fusion-builder-row-1 fusion-flex-container nonhundred-percent-fullwidth non-hundred-percent-height-scrolling\" style=\"--awb-border-radius-top-left:0px;--awb-border-radius-top-right:0px;--awb-border-radius-bottom-right:0px;--awb-border-radius-bottom-left:0px;--awb-padding-top:15px;--awb-padding-right:30px;--awb-padding-bottom:15px;--awb-padding-left:30px;--awb-background-color:#ffffff;--awb-flex-wrap:wrap;\" ><div class=\"fusion-builder-row fusion-row fusion-flex-align-items-flex-start fusion-flex-content-wrap\" style=\"max-width:1216.8px;margin-left: calc(-4% \/ 2 );margin-right: calc(-4% \/ 2 );\"><div class=\"fusion-layout-column fusion_builder_column fusion-builder-column-0 fusion_builder_column_3_4 3_4 fusion-flex-column\" style=\"--awb-bg-size:cover;--awb-width-large:75%;--awb-margin-top-large:0px;--awb-spacing-right-large:2.56%;--awb-margin-bottom-large:20px;--awb-spacing-left-large:2.56%;--awb-width-medium:100%;--awb-order-medium:0;--awb-spacing-right-medium:1.92%;--awb-spacing-left-medium:1.92%;--awb-width-small:100%;--awb-order-small:0;--awb-spacing-right-small:1.92%;--awb-spacing-left-small:1.92%;\"><div class=\"fusion-column-wrapper fusion-column-has-shadow fusion-flex-justify-content-flex-start fusion-content-layout-column\"><div class=\"fusion-text fusion-text-1\" style=\"--awb-font-size:64px;--awb-text-transform:none;--awb-text-color:rgba(137,0,0,0.73);--awb-text-font-family:&quot;Dancing Script&quot;;--awb-text-font-style:normal;--awb-text-font-weight:400;\"><h2 class=\"fusion-responsive-typography-calculated\" data-fontsize=\"42\" data-lineheight=\"42px\">Ihr Weg zu uns<\/h2>\n<\/div><div class=\"fusion-separator fusion-full-width-sep\" style=\"align-self: center;margin-left: auto;margin-right: auto;margin-top:10px;margin-bottom:10px;width:100%;\"><\/div><div class=\"fusion-text fusion-text-2\" style=\"--awb-text-transform:none;\"><p>GPS Daten f\u00fcr Ihr Navi:<br \/>\nBreitengrad: 48.17726 \u2013 L\u00e4ngengrad: 11.40587<\/p>\n<p>Anschrift:<br \/>\nBoardinghouse-Henschelstrasse<br \/>\nHenschelstrasse 15<br \/>\n81249 M\u00fcnchen<\/p>\n<\/div><\/div><\/div><div class=\"fusion-layout-column fusion_builder_column fusion-builder-column-1 fusion_builder_column_1_4 1_4 fusion-flex-column\" style=\"--awb-bg-size:cover;--awb-width-large:25%;--awb-margin-top-large:0px;--awb-spacing-right-large:7.68%;--awb-margin-bottom-large:20px;--awb-spacing-left-large:7.68%;--awb-width-medium:100%;--awb-order-medium:0;--awb-spacing-right-medium:1.92%;--awb-spacing-left-medium:1.92%;--awb-width-small:100%;--awb-order-small:0;--awb-spacing-right-small:1.92%;--awb-spacing-left-small:1.92%;\"><div class=\"fusion-column-wrapper fusion-column-has-shadow fusion-flex-justify-content-flex-start fusion-content-layout-column\"><div class=\"fusion-image-element \" style=\"--awb-max-width:400px;--awb-caption-title-font-family:var(--h2_typography-font-family);--awb-caption-title-font-weight:var(--h2_typography-font-weight);--awb-caption-title-font-style:var(--h2_typography-font-style);--awb-caption-title-size:var(--h2_typography-font-size);--awb-caption-title-transform:var(--h2_typography-text-transform);--awb-caption-title-line-height:var(--h2_typography-line-height);--awb-caption-title-letter-spacing:var(--h2_typography-letter-spacing);\"><span class=\" fusion-imageframe imageframe-none imageframe-1 hover-type-none\"><img decoding=\"async\" width=\"1600\" height=\"1067\" title=\"Au\u00dfen\" src=\"https:\/\/boardinghouse-henschelstrasse.de\/wp-content\/uploads\/2021\/07\/Aussen.jpg\" alt class=\"img-responsive wp-image-1413\" srcset=\"https:\/\/boardinghouse-henschelstrasse.de\/wp-content\/uploads\/2021\/07\/Aussen-200x133.jpg 200w, https:\/\/boardinghouse-henschelstrasse.de\/wp-content\/uploads\/2021\/07\/Aussen-400x267.jpg 400w, https:\/\/boardinghouse-henschelstrasse.de\/wp-content\/uploads\/2021\/07\/Aussen-600x400.jpg 600w, https:\/\/boardinghouse-henschelstrasse.de\/wp-content\/uploads\/2021\/07\/Aussen-800x534.jpg 800w, https:\/\/boardinghouse-henschelstrasse.de\/wp-content\/uploads\/2021\/07\/Aussen-1200x800.jpg 1200w, https:\/\/boardinghouse-henschelstrasse.de\/wp-content\/uploads\/2021\/07\/Aussen.jpg 1600w\" sizes=\"(max-width: 800px) 100vw, (max-width: 640px) 100vw, 400px\" \/><\/span><\/div><\/div><\/div><div class=\"fusion-layout-column fusion_builder_column fusion-builder-column-2 fusion_builder_column_1_1 1_1 fusion-flex-column\" style=\"--awb-padding-top:0px;--awb-padding-right:0px;--awb-padding-bottom:0px;--awb-padding-left:0px;--awb-bg-size:cover;--awb-width-large:100%;--awb-margin-top-large:5px;--awb-spacing-right-large:0px;--awb-margin-bottom-large:5px;--awb-spacing-left-large:0px;--awb-width-medium:100%;--awb-order-medium:0;--awb-spacing-right-medium:1.92%;--awb-spacing-left-medium:1.92%;--awb-width-small:100%;--awb-order-small:0;--awb-spacing-right-small:1.92%;--awb-spacing-left-small:1.92%;\"><div class=\"fusion-column-wrapper fusion-column-has-shadow fusion-flex-justify-content-flex-start fusion-content-layout-column\"><div class=\"shortcode-map fusion-google-map fusion-maps-embed-type\"><iframe width=\"100%\" height=\"600px\" frameborder=\"0\" style=\"border:0\" src=\"https:\/\/www.google.com\/maps\/embed\/v1\/place?key=AIzaSyBefFfaGtok4JHolKy0Q4SdoMIoGKF91Oc&language=de&q=Boardinghouse+Henschelstrasse,+M\u00fcnchen&maptype=roadmap&zoom=16\" allowfullscreen><\/iframe><\/div><div class=\"fusion-separator fusion-full-width-sep\" style=\"align-self: center;margin-left: auto;margin-right: auto;margin-top:20px;margin-bottom:20px;width:100%;\"><\/div><div style=\"text-align:center;\"><a class=\"fusion-button button-flat fusion-button-default-size button-darkgray fusion-button-darkgray button-1 fusion-button-default-span fusion-button-default-type\" target=\"_blank\" rel=\"noopener noreferrer\" href=\"https:\/\/goo.gl\/maps\/AYmQ8CfaeiKUFzHUA\"><span class=\"fusion-button-text awb-button__text awb-button__text--default\">Google Routenplaner aufrufen<\/span><\/a><\/div><div class=\"fusion-text fusion-text-3\" style=\"--awb-text-transform:none;--awb-margin-top:20px;\"><p><strong>Anreise per PKW \u00fcber die A99:<\/strong><br \/>\nVerlassen Sie die A99 an der Anschlussstelle M\u00fcnchen Lochhausen und folgen Sie der Lochhausener Stra\u00dfe bis zur Kreuzung Sumpfmeisenweg. An der Ampel biegen Sie links ab und folgen dem Sumpfmeisenweg immer Geradeaus \u00fcber den Kleiberweg bis zur Henschelstrasse. Sie finden uns auf der rechten Strassenseite.<\/p>\n<p><strong>Anreise per S-Bahn vom Hauptbahnhof M\u00fcnchen:<\/strong><br \/>\nNehmen Sie die S-Bahn S3 diese f\u00e4hrt direkt zum S-Bahnhof Lochhausen. Das Boardinghouse liegt ca. 100m entfernt vom Bahnhof Lochhausen. Die Fahrtzeit betr\u00e4gt ca. 20Minuten.<\/p>\n<p><strong>Tiefgarage:<\/strong><br \/>\nIhren PKW k\u00f6nnen Sie kosteng\u00fcnstig auf einem unserer 19 Tiefgaragenpl\u00e4tze parken. Ein eigener Schl\u00fcssel f\u00fcr die Tiefgarage sichert Ihnen h\u00f6chstm\u00f6gliche Flexibilit\u00e4t.<\/p>\n<p><strong>Parkpl\u00e4tze:<\/strong><br \/>\nF\u00fcr alle G\u00e4ste, die nicht in der Tiefgarage parken m\u00f6chten, gibt es kostenfreie Parkpl\u00e4tze in den umliegenden Stra\u00dfen. Auch finden sich im Umkreis des Boardinghouses einige gro\u00dfe Park and Ride Parkpl\u00e4tze die Nutzern von Bussen und Bahnen ein kosteng\u00fcnstiges Parken f\u00fcr die Dauer von 24 Stunden erlauben.<\/p>\n<\/div><\/div><\/div><\/div><\/div>\n","protected":false},"excerpt":{"rendered":"","protected":false},"author":1,"featured_media":0,"parent":0,"menu_order":0,"comment_status":"closed","ping_status":"closed","template":"","meta":{"footnotes":""},"class_list":["post-1689","page","type-page","status-publish","hentry"],"_links":{"self":[{"href":"https:\/\/boardinghouse-henschelstrasse.de\/index.php\/wp-json\/wp\/v2\/pages\/1689","targetHints":{"allow":["GET"]}}],"collection":[{"href":"https:\/\/boardinghouse-henschelstrasse.de\/index.php\/wp-json\/wp\/v2\/pages"}],"about":[{"href":"https:\/\/boardinghouse-henschelstrasse.de\/index.php\/wp-json\/wp\/v2\/types\/page"}],"author":[{"embeddable":true,"href":"https:\/\/boardinghouse-henschelstrasse.de\/index.php\/wp-json\/wp\/v2\/users\/1"}],"replies":[{"embeddable":true,"href":"https:\/\/boardinghouse-henschelstrasse.de\/index.php\/wp-json\/wp\/v2\/comments?post=1689"}],"version-history":[{"count":14,"href":"https:\/\/boardinghouse-henschelstrasse.de\/index.php\/wp-json\/wp\/v2\/pages\/1689\/revisions"}],"predecessor-version":[{"id":2326,"href":"https:\/\/boardinghouse-henschelstrasse.de\/index.php\/wp-json\/wp\/v2\/pages\/1689\/revisions\/2326"}],"wp:attachment":[{"href":"https:\/\/boardinghouse-henschelstrasse.de\/index.php\/wp-json\/wp\/v2\/media?parent=1689"}],"curies":[{"name":"wp","href":"https:\/\/api.w.org\/{rel}","templated":true}]}}